{"id":5512,"date":"2018-06-18T10:26:19","date_gmt":"2018-06-18T08:26:19","guid":{"rendered":"https:\/\/laric.eu\/shop\/?post_type=product&#038;p=5512"},"modified":"2026-03-15T17:24:46","modified_gmt":"2026-03-15T16:24:46","slug":"aroma-kissen-cbd","status":"publish","type":"product","link":"https:\/\/laric.eu\/shop\/produkt\/aroma-kissen-cbd\/","title":{"rendered":"AROMA KISSEN CBD"},"content":{"rendered":"<p>[et_pb_section fb_built=&#8220;1&#8243; _builder_version=&#8220;4.16&#8243; custom_padding=&#8220;0px||||false|false&#8220; global_colors_info=&#8220;{}&#8220;][et_pb_row _builder_version=&#8220;4.16&#8243; background_size=&#8220;initial&#8220; background_position=&#8220;top_left&#8220; background_repeat=&#8220;repeat&#8220; custom_padding=&#8220;0px||0px||false|false&#8220; global_colors_info=&#8220;{}&#8220;][et_pb_column type=&#8220;4_4&#8243; _builder_version=&#8220;4.16&#8243; custom_padding=&#8220;|||&#8220; global_colors_info=&#8220;{}&#8220; custom_padding__hover=&#8220;|||&#8220;][et_pb_wc_breadcrumb disabled_on=&#8220;on|on|on&#8220; _builder_version=&#8220;4.16&#8243; disabled=&#8220;on&#8220; global_colors_info=&#8220;{}&#8220;][\/et_pb_wc_breadcrumb][et_pb_wc_cart_notice _builder_version=&#8220;4.16&#8243; title_font=&#8220;Futura Book||||||||&#8220; title_text_color=&#8220;#000000&#8243; background_color=&#8220;#FFFFFF&#8220; custom_button=&#8220;on&#8220; button_text_size=&#8220;18px&#8220; button_text_color=&#8220;#FFFFFF&#8220; button_bg_color=&#8220;#000000&#8243; button_font=&#8220;Futura Book||||||||&#8220; button_custom_margin=&#8220;||||false|false&#8220; body_font=&#8220;Futura Book||||||||&#8220; body_text_color=&#8220;#000000&#8243; global_colors_info=&#8220;{}&#8220;][\/et_pb_wc_cart_notice][\/et_pb_column][\/et_pb_row][et_pb_row column_structure=&#8220;1_2,1_2&#8243; _builder_version=&#8220;4.16&#8243; background_size=&#8220;initial&#8220; background_position=&#8220;top_left&#8220; background_repeat=&#8220;repeat&#8220; custom_margin=&#8220;0px||||false|false&#8220; custom_padding=&#8220;0px||||false|false&#8220; global_colors_info=&#8220;{}&#8220;][et_pb_column type=&#8220;1_2&#8243; _builder_version=&#8220;4.16&#8243; custom_padding=&#8220;|||&#8220; global_colors_info=&#8220;{}&#8220; custom_padding__hover=&#8220;|||&#8220;][et_pb_wc_images _builder_version=&#8220;4.16&#8243; custom_margin=&#8220;0px||||false|false&#8220; custom_padding=&#8220;0px||||false|false&#8220; global_colors_info=&#8220;{}&#8220;][\/et_pb_wc_images][\/et_pb_column][et_pb_column type=&#8220;1_2&#8243; _builder_version=&#8220;4.16&#8243; custom_padding=&#8220;|||&#8220; global_colors_info=&#8220;{}&#8220; custom_padding__hover=&#8220;|||&#8220;][et_pb_wc_title _builder_version=&#8220;4.16&#8243; header_font=&#8220;Futura Book||||||||&#8220; custom_margin=&#8220;120px||||false|false&#8220; global_colors_info=&#8220;{}&#8220;][\/et_pb_wc_title][et_pb_wc_description admin_label=&#8220;Woo Beschreibung&#8220; _builder_version=&#8220;4.16&#8243; body_font=&#8220;Futura Book||||||||&#8220; body_text_color=&#8220;#000000&#8243; body_font_size=&#8220;15px&#8220; body_line_height=&#8220;1.4em&#8220; header_2_font=&#8220;Futura Book||||||||&#8220; header_2_font_size=&#8220;12px&#8220; header_2_line_height=&#8220;1.2em&#8220; width=&#8220;60%&#8220; global_colors_info=&#8220;{}&#8220;][\/et_pb_wc_description][et_pb_wc_rating show_reviews_link=&#8220;off&#8220; _builder_version=&#8220;4.16&#8243; global_colors_info=&#8220;{}&#8220;][\/et_pb_wc_rating][et_pb_wc_price _builder_version=&#8220;4.16&#8243; global_colors_info=&#8220;{}&#8220;][\/et_pb_wc_price][et_pb_wc_add_to_cart _builder_version=&#8220;4.16&#8243; fields_background_color=&#8220;#000000&#8243; fields_text_color=&#8220;#FFFFFF&#8220; fields_focus_background_color=&#8220;#000000&#8243; dropdown_menus_background_color=&#8220;#000000&#8243; field_label_font=&#8220;Futura Book|700|||||||&#8220; custom_button=&#8220;on&#8220; button_text_color=&#8220;#FFFFFF&#8220; button_bg_color=&#8220;#000000&#8243; fields_background_color_last_edited=&#8220;off|desktop&#8220; border_width_all_fields=&#8220;2px&#8220; border_color_all_fields=&#8220;#000000&#8243; body_font=&#8220;Futura Book|700|||||||&#8220; global_colors_info=&#8220;{}&#8220; button_bg_color__hover_enabled=&#8220;on|hover&#8220; button_bg_color__hover=&#8220;#666666&#8243; button_bg_enable_color__hover=&#8220;on&#8220; dropdown_menus_background_color__hover_enabled=&#8220;on|hover&#8220; dropdown_menus_background_color__hover=&#8220;#666666&#8243; fields_focus_background_color__hover_enabled=&#8220;on|desktop&#8220; fields_focus_background_color__hover=&#8220;#000000&#8243; fields_background_color__hover_enabled=&#8220;on|hover&#8220; fields_background_color__hover=&#8220;#000000&#8243;][\/et_pb_wc_add_to_cart][et_pb_wc_meta disabled_on=&#8220;on|on|on&#8220; _builder_version=&#8220;4.16&#8243; disabled=&#8220;on&#8220; global_colors_info=&#8220;{}&#8220;][\/et_pb_wc_meta][\/et_pb_column][\/et_pb_row][et_pb_row column_structure=&#8220;1_2,1_4,1_4&#8243; _builder_version=&#8220;4.16&#8243; background_size=&#8220;initial&#8220; background_position=&#8220;top_left&#8220; background_repeat=&#8220;repeat&#8220; global_colors_info=&#8220;{}&#8220;][et_pb_column type=&#8220;1_2&#8243; _builder_version=&#8220;4.16&#8243; custom_padding=&#8220;|||&#8220; global_colors_info=&#8220;{}&#8220; custom_padding__hover=&#8220;|||&#8220;][et_pb_wc_tabs _builder_version=&#8220;4.16&#8243; body_font=&#8220;Futura Book||||||||&#8220; tab_font=&#8220;Futura Book||||||||&#8220; global_colors_info=&#8220;{}&#8220;]\t\t\t\t\t[\/et_pb_wc_tabs][et_pb_wc_upsells _builder_version=&#8220;4.16&#8243; global_colors_info=&#8220;{}&#8220;][\/et_pb_wc_upsells][\/et_pb_column][et_pb_column type=&#8220;1_4&#8243; _builder_version=&#8220;4.16&#8243; custom_padding=&#8220;|||&#8220; global_colors_info=&#8220;{}&#8220; custom_padding__hover=&#8220;|||&#8220;][\/et_pb_column][et_pb_column type=&#8220;1_4&#8243; _builder_version=&#8220;4.16&#8243; custom_padding=&#8220;|||&#8220; global_colors_info=&#8220;{}&#8220; custom_padding__hover=&#8220;|||&#8220;][\/et_pb_column][\/et_pb_row][et_pb_row _builder_version=&#8220;4.16&#8243; _module_preset=&#8220;default&#8220; global_colors_info=&#8220;{}&#8220;][et_pb_column type=&#8220;4_4&#8243; _builder_version=&#8220;4.16&#8243; _module_preset=&#8220;default&#8220; global_colors_info=&#8220;{}&#8220;][et_pb_wc_related_products _builder_version=&#8220;4.16&#8243; title_font_size=&#8220;24px&#8220; rating_text_align=&#8220;center&#8220; product_title_text_align=&#8220;center&#8220; product_title_font_size=&#8220;19px&#8220; price_text_align=&#8220;center&#8220; price_text_color=&#8220;#000000&#8243; price_font_size=&#8220;16px&#8220; global_colors_info=&#8220;{}&#8220;][\/et_pb_wc_related_products][\/et_pb_column][\/et_pb_row][\/et_pb_section]<\/p>\n","protected":false},"excerpt":{"rendered":"<p class=\"p1\"><span class=\"s1\">Erleben Sie pure Entspannung und Linderung von Kopf-, Glieder- und Nackenschmerzen mit der Kraft der Natur in unserem Aromakissen mit wertvollem CBD- und Zirben\u00f6l.\u00a0<\/span><\/p>\n<p class=\"p1\">Packungsinhalt: 1 St\u00fcck<\/p>\n","protected":false},"featured_media":5587,"template":"","meta":{"_et_pb_use_builder":"on","_et_pb_old_content":"<p class=\"p1\"><span class=\"s1\">Tauchen Sie ein in die Welt der nat\u00fcrlichen Heilkr\u00e4fte mit unserem exklusiven Aromakissen, das speziell entwickelt wurde, um Kopf-, Glieder- und Nackenschmerzen effektiv zu lindern.\r\nD<\/span>urch die einzigartige Kombination von CBD- und Zirben\u00f6l mit lang anhaltender W\u00e4rme bietet unser Kissen eine wohltuende Wirkung, die Ihre Sinne belebt und gleichzeitig Verspannungen l\u00f6st.<\/p>\r\nUnser Aromakissen ist ein Naturprodukt h\u00f6chster Qualit\u00e4t, das die Kraft der Aromatherapie nutzt, um Ihnen eine ganzheitliche Entspannung zu bieten. Die sanften D\u00fcfte unserer Kissen wirken beruhigend und erfrischend zugleich \u2013 f\u00fcr ein unvergleichliches Wohlf\u00fchlerlebnis.\r\n\r\nW\u00e4hlen Sie aus einer Vielzahl von Farben und D\u00fcften das Kissen aus, das am besten zu Ihnen passt. Ob Lavendel f\u00fcr eine beruhigende Wirkung, China f\u00fcr eine erfrischende Atmosph\u00e4re oder Zitrone f\u00fcr einen Energieschub \u2013 bei uns finden Sie genau das Richtige f\u00fcr Ihre Bed\u00fcrfnisse.\r\n\r\nGenie\u00dfen Sie jeden Moment und lassen Sie sich von unserem Aromakissen mit CBD- und Zirben\u00f6l verw\u00f6hnen. G\u00f6nnen Sie sich pure Entspannung und erleben Sie, wie sich Ihre Sinne \u00f6ffnen und Ihr Wohlbefinden steigern.\r\n<p class=\"p1\"><span class=\"s1\">\u00a0<\/span><\/p>\r\n<p class=\"p1\"><span class=\"s1\"><b>Anwendung:<\/b> 2-3 Minuten in die Mikrowelle bei 600 Watt oder 200-260 Grad im Backoffen. So erreichen Sie mit einem Kissen 200-250 Anwendungen. Die Aromakissen werden in einer aromadichten Box geliefert. Zum Schutz des Kissens k\u00f6nnen Sie passende schwarze Bez\u00fcge als Zubeh\u00f6r bestellen.<\/span><\/p>\r\n<p class=\"p1\"><span class=\"s1\">Nat\u00fcrliche W\u00e4rme \/Anwendungen k\u00f6nnen helfen bei:\r\n<\/span><span class=\"s1\">\u2022 Verspannungen, besonders im Nacken- und R\u00fcckenbereich\r\n<\/span><span class=\"s1\">\u2022 Bandscheiben- und R\u00fcckenschmerzen\r\n<\/span><span class=\"s1\">\u2022 Hexenschuss\r\n<\/span><span class=\"s1\">\u2022 Gelenkbeschwerden \/ Arthrose\r\n<\/span><span class=\"s1\">\u2022 Rheumatische Beschwerden\r\n<\/span><span class=\"s1\">\u2022 Erk\u00e4ltungsbeschwerden\r\n<\/span><span class=\"s1\">\u2022 Relaxen und Wellness<\/span><\/p>\r\n<p class=\"p1\"><span class=\"s1\">Da die Kissen nicht gewaschen werden k\u00f6nnen, gibt es als Zubeh\u00f6r einen Bezug aus Baumwolle. Diesen k\u00f6nnen Sie einzeln oder im 3er Pack bestellen.<\/span><\/p>","_et_gb_content_width":"","inline_featured_image":false},"product_brand":[],"product_cat":[20],"product_tag":[],"class_list":{"0":"post-5512","1":"product","2":"type-product","3":"status-publish","4":"has-post-thumbnail","6":"product_cat-aroma-spa-cushion","8":"first","9":"instock","10":"taxable","11":"shipping-taxable","12":"purchasable","13":"product-type-simple"},"_links":{"self":[{"href":"https:\/\/laric.eu\/shop\/wp-json\/wp\/v2\/product\/5512","targetHints":{"allow":["GET"]}}],"collection":[{"href":"https:\/\/laric.eu\/shop\/wp-json\/wp\/v2\/product"}],"about":[{"href":"https:\/\/laric.eu\/shop\/wp-json\/wp\/v2\/types\/product"}],"wp:featuredmedia":[{"embeddable":true,"href":"https:\/\/laric.eu\/shop\/wp-json\/wp\/v2\/media\/5587"}],"wp:attachment":[{"href":"https:\/\/laric.eu\/shop\/wp-json\/wp\/v2\/media?parent=5512"}],"wp:term":[{"taxonomy":"product_brand","embeddable":true,"href":"https:\/\/laric.eu\/shop\/wp-json\/wp\/v2\/product_brand?post=5512"},{"taxonomy":"product_cat","embeddable":true,"href":"https:\/\/laric.eu\/shop\/wp-json\/wp\/v2\/product_cat?post=5512"},{"taxonomy":"product_tag","embeddable":true,"href":"https:\/\/laric.eu\/shop\/wp-json\/wp\/v2\/product_tag?post=5512"}],"curies":[{"name":"wp","href":"https:\/\/api.w.org\/{rel}","templated":true}]}}