{"id":4909,"date":"2024-02-01T17:36:26","date_gmt":"2024-02-01T16:36:26","guid":{"rendered":"https:\/\/laric.eu\/shop\/?post_type=product&#038;p=4909"},"modified":"2026-03-15T17:25:12","modified_gmt":"2026-03-15T16:25:12","slug":"foot-balm-tube-50ml","status":"publish","type":"product","link":"https:\/\/laric.eu\/shop\/produkt\/foot-balm-tube-50ml\/","title":{"rendered":"FOOT BALM TUBE (50ml)"},"content":{"rendered":"<p>[et_pb_section fb_built=&#8220;1&#8243; admin_label=&#8220;section&#8220; _builder_version=&#8220;3.22&#8243; global_colors_info=&#8220;{}&#8220;][et_pb_row admin_label=&#8220;row&#8220; _builder_version=&#8220;3.25&#8243; background_size=&#8220;initial&#8220; background_position=&#8220;top_left&#8220; background_repeat=&#8220;repeat&#8220; global_colors_info=&#8220;{}&#8220;][et_pb_column type=&#8220;4_4&#8243; _builder_version=&#8220;3.25&#8243; custom_padding=&#8220;|||&#8220; global_colors_info=&#8220;{}&#8220; custom_padding__hover=&#8220;|||&#8220;][\/et_pb_column][\/et_pb_row][\/et_pb_section]<\/p>\n","protected":false},"excerpt":{"rendered":"<p class=\"p1\"><span class=\"s1\">Pflegende, reichhaltige Textur f\u00fcr m\u00fcde und beanspruchte F\u00fc\u00dfe. Macht die Haut weich und geschmeidig.<\/span><\/p>\n<p>F\u00fcllmenge: 50ml<\/p>\n","protected":false},"featured_media":4911,"template":"","meta":{"_et_pb_use_builder":"on","_et_pb_old_content":"<strong>Anwendung:\u00a0<\/strong><span class=\"s1\">Ausreichende Menge in die Handfl\u00e4chen geben. Auf die F\u00fc\u00dfe auftragen und mit kreisenden Bewegungen einmassieren.<\/span>","_et_gb_content_width":"","inline_featured_image":false},"product_brand":[],"product_cat":[24],"product_tag":[],"class_list":{"0":"post-4909","1":"product","2":"type-product","3":"status-publish","4":"has-post-thumbnail","6":"product_cat-foot-care","8":"first","9":"instock","10":"taxable","11":"shipping-taxable","12":"purchasable","13":"product-type-simple"},"_links":{"self":[{"href":"https:\/\/laric.eu\/shop\/wp-json\/wp\/v2\/product\/4909","targetHints":{"allow":["GET"]}}],"collection":[{"href":"https:\/\/laric.eu\/shop\/wp-json\/wp\/v2\/product"}],"about":[{"href":"https:\/\/laric.eu\/shop\/wp-json\/wp\/v2\/types\/product"}],"wp:featuredmedia":[{"embeddable":true,"href":"https:\/\/laric.eu\/shop\/wp-json\/wp\/v2\/media\/4911"}],"wp:attachment":[{"href":"https:\/\/laric.eu\/shop\/wp-json\/wp\/v2\/media?parent=4909"}],"wp:term":[{"taxonomy":"product_brand","embeddable":true,"href":"https:\/\/laric.eu\/shop\/wp-json\/wp\/v2\/product_brand?post=4909"},{"taxonomy":"product_cat","embeddable":true,"href":"https:\/\/laric.eu\/shop\/wp-json\/wp\/v2\/product_cat?post=4909"},{"taxonomy":"product_tag","embeddable":true,"href":"https:\/\/laric.eu\/shop\/wp-json\/wp\/v2\/product_tag?post=4909"}],"curies":[{"name":"wp","href":"https:\/\/api.w.org\/{rel}","templated":true}]}}