{"id":2070,"date":"2021-12-06T15:29:34","date_gmt":"2021-12-06T14:29:34","guid":{"rendered":"https:\/\/laric.eu\/shop\/product\/aroma-cushio-china\/"},"modified":"2026-03-15T17:24:46","modified_gmt":"2026-03-15T16:24:46","slug":"aroma-cushio-china","status":"publish","type":"product","link":"https:\/\/laric.eu\/shop\/product\/aroma-cushio-china\/?lang=en","title":{"rendered":"AROMA CUSHION CHINA"},"content":{"rendered":"<p>[et_pb_section fb_built=&#8220;1&#8243; _builder_version=&#8220;3.22&#8243; custom_padding=&#8220;0px||||false|false&#8220; global_colors_info=&#8220;{}&#8220;][et_pb_row _builder_version=&#8220;4.13.1&#8243; background_size=&#8220;initial&#8220; background_position=&#8220;top_left&#8220; background_repeat=&#8220;repeat&#8220; custom_padding=&#8220;0px||0px||false|false&#8220; global_colors_info=&#8220;{}&#8220;][et_pb_column type=&#8220;4_4&#8243; _builder_version=&#8220;3.25&#8243; custom_padding=&#8220;|||&#8220; global_colors_info=&#8220;{}&#8220; custom_padding__hover=&#8220;|||&#8220;][et_pb_wc_breadcrumb disabled_on=&#8220;on|on|on&#8220; _builder_version=&#8220;4.13.1&#8243; disabled global_colors_info=&#8220;{}&#8220;][\/et_pb_wc_breadcrumb][et_pb_wc_cart_notice _builder_version=&#8220;4.13.1&#8243; body_font=&#8220;Futura Book||||||||&#8220; body_text_color=&#8220;#000000&#8243; background_color=&#8220;#FFFFFF&#8220; custom_button=&#8220;on&#8220; button_text_size=&#8220;18px&#8220; button_text_color=&#8220;#FFFFFF&#8220; button_bg_color=&#8220;#000000&#8243; button_font=&#8220;Futura Book||||||||&#8220; button_custom_margin=&#8220;||||false|false&#8220; global_colors_info=&#8220;{}&#8220;][\/et_pb_wc_cart_notice][\/et_pb_column][\/et_pb_row][et_pb_row column_structure=&#8220;1_2,1_2&#8243; _builder_version=&#8220;4.13.1&#8243; background_size=&#8220;initial&#8220; background_position=&#8220;top_left&#8220; background_repeat=&#8220;repeat&#8220; custom_margin=&#8220;0px||||false|false&#8220; custom_padding=&#8220;0px||||false|false&#8220; global_colors_info=&#8220;{}&#8220;][et_pb_column type=&#8220;1_2&#8243; _builder_version=&#8220;3.25&#8243; custom_padding=&#8220;|||&#8220; global_colors_info=&#8220;{}&#8220; custom_padding__hover=&#8220;|||&#8220;][et_pb_wc_images _builder_version=&#8220;4.13.1&#8243; custom_margin=&#8220;0px||||false|false&#8220; custom_padding=&#8220;0px||||false|false&#8220; global_colors_info=&#8220;{}&#8220;][\/et_pb_wc_images][\/et_pb_column][et_pb_column type=&#8220;1_2&#8243; _builder_version=&#8220;3.25&#8243; custom_padding=&#8220;|||&#8220; global_colors_info=&#8220;{}&#8220; custom_padding__hover=&#8220;|||&#8220;][et_pb_wc_title _builder_version=&#8220;4.13.1&#8243; header_font=&#8220;Futura Book||||||||&#8220; custom_margin=&#8220;120px||||false|false&#8220; global_colors_info=&#8220;{}&#8220;][\/et_pb_wc_title][et_pb_wc_description admin_label=&#8220;Woo Beschreibung&#8220; _builder_version=&#8220;4.13.1&#8243; body_font=&#8220;Futura Book||||||||&#8220; body_text_color=&#8220;#000000&#8243; body_font_size=&#8220;15px&#8220; body_line_height=&#8220;1.4em&#8220; header_2_font=&#8220;Futura Book||||||||&#8220; header_2_font_size=&#8220;12px&#8220; header_2_line_height=&#8220;1.2em&#8220; width=&#8220;60%&#8220; global_colors_info=&#8220;{}&#8220;][\/et_pb_wc_description][et_pb_wc_rating show_reviews_link=&#8220;off&#8220; _builder_version=&#8220;4.13.1&#8243; global_colors_info=&#8220;{}&#8220;][\/et_pb_wc_rating][et_pb_wc_price _builder_version=&#8220;3.0.47&#8243; global_colors_info=&#8220;{}&#8220;][\/et_pb_wc_price][et_pb_wc_add_to_cart _builder_version=&#8220;4.13.1&#8243; fields_background_color=&#8220;#000000&#8243; fields_text_color=&#8220;#FFFFFF&#8220; fields_focus_background_color=&#8220;#000000&#8243; dropdown_menus_background_color=&#8220;#000000&#8243; body_font=&#8220;Futura Book|700|||||||&#8220; custom_button=&#8220;on&#8220; button_text_color=&#8220;#FFFFFF&#8220; button_bg_color=&#8220;#000000&#8243; fields_background_color_last_edited=&#8220;off|desktop&#8220; border_width_all_fields=&#8220;2px&#8220; border_color_all_fields=&#8220;#000000&#8243; global_colors_info=&#8220;{}&#8220; button_bg_color__hover_enabled=&#8220;on|hover&#8220; button_bg_color__hover=&#8220;#666666&#8243; button_bg_enable_color__hover=&#8220;on&#8220; dropdown_menus_background_color__hover_enabled=&#8220;on|hover&#8220; dropdown_menus_background_color__hover=&#8220;#666666&#8243; fields_focus_background_color__hover_enabled=&#8220;on|desktop&#8220; fields_focus_background_color__hover=&#8220;#000000&#8243; fields_background_color__hover_enabled=&#8220;on|hover&#8220; fields_background_color__hover=&#8220;#000000&#8243;][\/et_pb_wc_add_to_cart][et_pb_wc_meta disabled_on=&#8220;on|on|on&#8220; _builder_version=&#8220;4.13.1&#8243; disabled=&#8220;on&#8220; global_colors_info=&#8220;{}&#8220;][\/et_pb_wc_meta][\/et_pb_column][\/et_pb_row][et_pb_row column_structure=&#8220;1_2,1_4,1_4&#8243; _builder_version=&#8220;4.13.1&#8243; background_size=&#8220;initial&#8220; background_position=&#8220;top_left&#8220; background_repeat=&#8220;repeat&#8220; global_colors_info=&#8220;{}&#8220;][et_pb_column type=&#8220;1_2&#8243; _builder_version=&#8220;3.25&#8243; custom_padding=&#8220;|||&#8220; global_colors_info=&#8220;{}&#8220; custom_padding__hover=&#8220;|||&#8220;][et_pb_wc_tabs _builder_version=&#8220;4.13.1&#8243; body_font=&#8220;Futura Book||||||||&#8220; tab_font=&#8220;Futura Book||||||||&#8220; global_colors_info=&#8220;{}&#8220;]\t\t\t\t\t[\/et_pb_wc_tabs][et_pb_wc_upsells _builder_version=&#8220;3.0.47&#8243; global_colors_info=&#8220;{}&#8220;][\/et_pb_wc_upsells][\/et_pb_column][et_pb_column type=&#8220;1_4&#8243; _builder_version=&#8220;3.25&#8243; custom_padding=&#8220;|||&#8220; global_colors_info=&#8220;{}&#8220; custom_padding__hover=&#8220;|||&#8220;][\/et_pb_column][et_pb_column type=&#8220;1_4&#8243; _builder_version=&#8220;3.25&#8243; custom_padding=&#8220;|||&#8220; global_colors_info=&#8220;{}&#8220; custom_padding__hover=&#8220;|||&#8220;][\/et_pb_column][\/et_pb_row][et_pb_row _builder_version=&#8220;4.13.1&#8243; _module_preset=&#8220;default&#8220; global_colors_info=&#8220;{}&#8220;][et_pb_column type=&#8220;4_4&#8243; _builder_version=&#8220;4.13.1&#8243; _module_preset=&#8220;default&#8220; global_colors_info=&#8220;{}&#8220;][et_pb_wc_related_products _builder_version=&#8220;4.13.1&#8243; title_font_size=&#8220;24px&#8220; rating_text_align=&#8220;center&#8220; product_title_text_align=&#8220;center&#8220; product_title_font_size=&#8220;19px&#8220; price_text_align=&#8220;center&#8220; price_text_color=&#8220;#000000&#8243; price_font_size=&#8220;16px&#8220; global_colors_info=&#8220;{}&#8220;][\/et_pb_wc_related_products][\/et_pb_column][\/et_pb_row][\/et_pb_section]<\/p>\n","protected":false},"excerpt":{"rendered":"<p>Cushion filled with herbal mixture. The application promotes the natural harmony of body, mind and soul and helps with various ailments.<br \/>\nScent: China<\/p>\n<p>Content: 1 pc<\/p>\n","protected":false},"featured_media":5596,"template":"","meta":{"_et_pb_use_builder":"on","_et_pb_old_content":"<p class=\"p1\"><span class=\"s1\">The La Ric aroma cushions are available in different fragrances and are useable for cold or warm application. The various herbal mixtures promote the natural harmony of body, mind and soul and help with various ailments such as head, limbs and neck pain.<\/span><\/p>\n<p class=\"p1\"><span class=\"s1\"><b>Application:<\/b> give the shoe in the microwave at 600 watts for 2-3 minutes or in the oven at 200-260 degrees You can achieve 200-250 applications with one cushion. The aroma cushions are delivered in an aroma-tight box. Zum Schutz des Kissens k\u00f6nnen Sie passende wei\u00dfe Bez\u00fcge als Zubeh\u00f6r bestellen.<\/span><\/p>\n<p class=\"p1\"><span class=\"s1\">Natural heat applications can help with:\n<\/span><span class=\"s1\">\u2022 Tensions, especially in the neck and back area\n<\/span><span class=\"s1\">\u2022 Disc and back pain\n<\/span><span class=\"s1\">\u2022 Lumbago\n<\/span><span class=\"s1\">\u2022 Joint problems \/ arthrosis\n<\/span><span class=\"s1\">\u2022 Rheumatic complaints \n<\/span><span class=\"s1\">\u2022 Cold symptoms\n<\/span><span class=\"s1\">\u2022 Relaxation and wellness<\/span><\/p>\n<p class=\"p1\"><span class=\"s1\">Since the cushions cannot be washed, a cotton cover is available as an accessory. You can order this individually or in a pack of 3.<\/span><\/p>","_et_gb_content_width":"","inline_featured_image":false},"product_brand":[],"product_cat":[55],"product_tag":[],"class_list":{"0":"post-2070","1":"product","2":"type-product","3":"status-publish","4":"has-post-thumbnail","6":"product_cat-aroma-spa-cushion-en","8":"first","9":"instock","10":"taxable","11":"shipping-taxable","12":"purchasable","13":"product-type-simple"},"_links":{"self":[{"href":"https:\/\/laric.eu\/shop\/wp-json\/wp\/v2\/product\/2070","targetHints":{"allow":["GET"]}}],"collection":[{"href":"https:\/\/laric.eu\/shop\/wp-json\/wp\/v2\/product"}],"about":[{"href":"https:\/\/laric.eu\/shop\/wp-json\/wp\/v2\/types\/product"}],"wp:featuredmedia":[{"embeddable":true,"href":"https:\/\/laric.eu\/shop\/wp-json\/wp\/v2\/media\/5596"}],"wp:attachment":[{"href":"https:\/\/laric.eu\/shop\/wp-json\/wp\/v2\/media?parent=2070"}],"wp:term":[{"taxonomy":"product_brand","embeddable":true,"href":"https:\/\/laric.eu\/shop\/wp-json\/wp\/v2\/product_brand?post=2070"},{"taxonomy":"product_cat","embeddable":true,"href":"https:\/\/laric.eu\/shop\/wp-json\/wp\/v2\/product_cat?post=2070"},{"taxonomy":"product_tag","embeddable":true,"href":"https:\/\/laric.eu\/shop\/wp-json\/wp\/v2\/product_tag?post=2070"}],"curies":[{"name":"wp","href":"https:\/\/api.w.org\/{rel}","templated":true}]}}