{"id":1557,"date":"2022-03-14T12:22:44","date_gmt":"2022-03-14T12:22:44","guid":{"rendered":"https:\/\/laric.eu\/shop\/333-2-copy\/"},"modified":"2022-03-14T12:23:57","modified_gmt":"2022-03-14T12:23:57","slug":"la-ric-kosmetik-onlineshop","status":"publish","type":"page","link":"https:\/\/laric.eu\/shop\/la-ric-kosmetik-onlineshop\/","title":{"rendered":"La Ric Kosmetik Onlineshop"},"content":{"rendered":"<p>[et_pb_section fb_built=&#8220;1&#8243; _builder_version=&#8220;4.13.1&#8243; _module_preset=&#8220;default&#8220; custom_margin=&#8220;0px||||false|false&#8220; custom_padding=&#8220;0px||||false|false&#8220; global_colors_info=&#8220;{}&#8220;][et_pb_row disabled_on=&#8220;on|off|off&#8220; admin_label=&#8220;Slider&#8220; _builder_version=&#8220;4.13.1&#8243; _module_preset=&#8220;default&#8220; global_colors_info=&#8220;{}&#8220;][et_pb_column type=&#8220;4_4&#8243; _builder_version=&#8220;4.13.1&#8243; _module_preset=&#8220;default&#8220; global_colors_info=&#8220;{}&#8220;][et_pb_slider show_arrows=&#8220;off&#8220; show_pagination=&#8220;off&#8220; _builder_version=&#8220;4.13.1&#8243; _module_preset=&#8220;default&#8220; background_color=&#8220;#FFFFFF&#8220; background_image=&#8220;https:\/\/laric.eu\/shop\/wp-content\/uploads\/2021\/12\/Logo_Introbild2_-1920&#215;800-1.jpg&#8220; auto=&#8220;on&#8220; auto_ignore_hover=&#8220;on&#8220; hover_transition_duration=&#8220;100ms&#8220; global_colors_info=&#8220;{}&#8220;][et_pb_slide _builder_version=&#8220;4.13.1&#8243; _module_preset=&#8220;default&#8220; background_color=&#8220;#FFFFFF&#8220; background_enable_color=&#8220;on&#8220; background_image=&#8220;https:\/\/laric.eu\/shop\/wp-content\/uploads\/2021\/12\/Logo_Introbild1_-1920&#215;800-1.jpg&#8220; background_enable_image=&#8220;on&#8220; background_size=&#8220;contain&#8220; global_colors_info=&#8220;{}&#8220; sticky_transition=&#8220;on&#8220;][\/et_pb_slide][et_pb_slide _builder_version=&#8220;4.13.1&#8243; _module_preset=&#8220;default&#8220; background_color=&#8220;#FFFFFF&#8220; background_enable_color=&#8220;on&#8220; background_size=&#8220;contain&#8220; global_colors_info=&#8220;{}&#8220; sticky_transition=&#8220;on&#8220;][\/et_pb_slide][\/et_pb_slider][\/et_pb_column][\/et_pb_row][et_pb_row disabled_on=&#8220;off|off|off&#8220; admin_label=&#8220;Aroma Spa Bild&#8220; _builder_version=&#8220;4.13.1&#8243; _module_preset=&#8220;default&#8220; background_enable_image=&#8220;off&#8220; background_size=&#8220;contain&#8220; width=&#8220;100%&#8220; custom_margin=&#8220;||0px||false|false&#8220; custom_padding=&#8220;0px||0px||false|false&#8220; scroll_fade_enable=&#8220;on&#8220; scroll_fade=&#8220;0|30|30|75|0|100|100&#8243; global_colors_info=&#8220;{}&#8220;][et_pb_column type=&#8220;4_4&#8243; _builder_version=&#8220;4.13.1&#8243; _module_preset=&#8220;default&#8220; global_colors_info=&#8220;{}&#8220;][et_pb_image src=&#8220;https:\/\/laric.eu\/shop\/wp-content\/uploads\/2022\/03\/Header_Mobil_PeelingMuschel_1.jpg&#8220; alt=&#8220;Aroma Spa Peeling Tiegel offen mit Muschel&#8220; title_text=&#8220;Header_Mobil_PeelingMuschel_1&#8243; align=&#8220;center&#8220; _builder_version=&#8220;4.13.1&#8243; _module_preset=&#8220;default&#8220; global_colors_info=&#8220;{}&#8220;][\/et_pb_image][\/et_pb_column][\/et_pb_row][et_pb_row admin_label=&#8220;Aroma Spa Text&#8220; _builder_version=&#8220;4.13.1&#8243; _module_preset=&#8220;default&#8220; custom_margin=&#8220;0px||40px||false|false&#8220; custom_padding=&#8220;0px||||false|false&#8220; locked=&#8220;off&#8220; global_colors_info=&#8220;{}&#8220;][et_pb_column type=&#8220;4_4&#8243; _builder_version=&#8220;4.13.1&#8243; _module_preset=&#8220;default&#8220; global_colors_info=&#8220;{}&#8220;][et_pb_text _builder_version=&#8220;4.13.1&#8243; _module_preset=&#8220;default&#8220; header_2_font_size=&#8220;40px&#8220; global_colors_info=&#8220;{}&#8220;]<\/p>\n<h2 style=\"text-align: center\">AROMA SPA BODY CARE<\/h2>\n<p style=\"text-align: center\">Einzigartige K\u00f6rperpflegeprodukte auf Basis nat\u00fcrlicher Inhaltsstoffe nach dem Konzept der Aroma Therapie<\/p>\n<p>[\/et_pb_text][et_pb_button button_url=&#8220;@ET-DC@eyJkeW5hbWljIjp0cnVlLCJjb250ZW50IjoicG9zdF9saW5rX3VybF9wcm9kdWN0Iiwic2V0dGluZ3MiOnsicG9zdF9pZCI6IjE4MyJ9fQ==@&#8220; button_text=&#8220;MEHR ERFAHREN&#8220; button_alignment=&#8220;center&#8220; _builder_version=&#8220;4.13.1&#8243; _dynamic_attributes=&#8220;button_url&#8220; _module_preset=&#8220;default&#8220; custom_button=&#8220;on&#8220; button_text_color=&#8220;#000000&#8243; button_bg_color=&#8220;RGBA(0,0,0,0)&#8220; button_border_radius=&#8220;0px&#8220; button_icon_color=&#8220;#000000&#8243; hover_enabled=&#8220;0&#8243; locked=&#8220;off&#8220; global_colors_info=&#8220;{}&#8220; button_text_color__hover_enabled=&#8220;off|desktop&#8220; button_icon_color__hover_enabled=&#8220;on|hover&#8220; button_icon_color__hover=&#8220;#000000&#8243; button_bg_color__hover_enabled=&#8220;on|hover&#8220; button_bg_color__hover=&#8220;RGBA(0,0,0,0)&#8220; button_bg_enable_color__hover=&#8220;on&#8220; button_bg_enable_color=&#8220;on&#8220; sticky_enabled=&#8220;0&#8243;][\/et_pb_button][\/et_pb_column][\/et_pb_row][et_pb_row disabled_on=&#8220;off|off|off&#8220; admin_label=&#8220;Kissen Bild&#8220; _builder_version=&#8220;4.13.1&#8243; _module_preset=&#8220;default&#8220; background_enable_image=&#8220;off&#8220; background_size=&#8220;contain&#8220; custom_padding=&#8220;0px||||false|false&#8220; scroll_fade_enable=&#8220;on&#8220; locked=&#8220;off&#8220; global_colors_info=&#8220;{}&#8220;][et_pb_column type=&#8220;4_4&#8243; _builder_version=&#8220;4.13.1&#8243; _module_preset=&#8220;default&#8220; global_colors_info=&#8220;{}&#8220;][et_pb_image src=&#8220;https:\/\/laric.eu\/shop\/wp-content\/uploads\/2022\/02\/Aromakissen-Lemon.jpg&#8220; alt=&#8220;Aromakissen&#8220; title_text=&#8220;Aromakissen-Lemon&#8220; align=&#8220;center&#8220; _builder_version=&#8220;4.13.1&#8243; _module_preset=&#8220;default&#8220; width=&#8220;80%&#8220; global_colors_info=&#8220;{}&#8220;][\/et_pb_image][\/et_pb_column][\/et_pb_row][et_pb_row admin_label=&#8220;KissenText&#8220; _builder_version=&#8220;4.13.1&#8243; _module_preset=&#8220;default&#8220; locked=&#8220;off&#8220; global_colors_info=&#8220;{}&#8220;][et_pb_column type=&#8220;4_4&#8243; _builder_version=&#8220;4.13.1&#8243; _module_preset=&#8220;default&#8220; global_colors_info=&#8220;{}&#8220;][et_pb_text _builder_version=&#8220;4.13.1&#8243; _module_preset=&#8220;default&#8220; header_2_font_size=&#8220;40px&#8220; global_colors_info=&#8220;{}&#8220;]<\/p>\n<h2 style=\"text-align: center\">AROMA SPA CUSHION<\/h2>\n<p style=\"text-align: center\">Mit Kr\u00e4utern gef\u00fcllte Duftkissen f\u00fcr kalte oder warme Anwendung l\u00f6sen Verspannungen und f\u00f6rdern aktiv das Wohlbefinden.<\/p>\n<p>[\/et_pb_text][et_pb_button button_text=&#8220;MEHR ERFAHREN&#8220; button_alignment=&#8220;center&#8220; _builder_version=&#8220;4.13.1&#8243; _module_preset=&#8220;default&#8220; custom_button=&#8220;on&#8220; button_text_color=&#8220;#000000&#8243; button_bg_color=&#8220;RGBA(0,0,0,0)&#8220; button_border_radius=&#8220;0px&#8220; button_icon_color=&#8220;#000000&#8243; hover_enabled=&#8220;0&#8243; locked=&#8220;off&#8220; global_colors_info=&#8220;{}&#8220; button_text_color__hover_enabled=&#8220;off|desktop&#8220; button_icon_color__hover_enabled=&#8220;on|hover&#8220; button_icon_color__hover=&#8220;#000000&#8243; button_bg_color__hover_enabled=&#8220;on|hover&#8220; button_bg_color__hover=&#8220;RGBA(0,0,0,0)&#8220; button_bg_enable_color__hover=&#8220;on&#8220; button_bg_enable_color=&#8220;on&#8220; button_font=&#8220;Futura Book||||||||&#8220; sticky_enabled=&#8220;0&#8243;][\/et_pb_button][\/et_pb_column][\/et_pb_row][et_pb_row custom_padding_last_edited=&#8220;off|desktop&#8220; disabled_on=&#8220;off|off|off&#8220; admin_label=&#8220;Aura Spa Bild&#8220; _builder_version=&#8220;4.13.1&#8243; _module_preset=&#8220;default&#8220; background_enable_image=&#8220;off&#8220; background_size=&#8220;contain&#8220; width=&#8220;100%&#8220; max_height=&#8220;800px&#8220; custom_margin=&#8220;0px||||false|false&#8220; custom_padding=&#8220;0px||0px||false|false&#8220; scroll_fade_enable=&#8220;on&#8220; locked=&#8220;off&#8220; global_colors_info=&#8220;{}&#8220; custom_padding__hover_enabled=&#8220;off|desktop&#8220;][et_pb_column type=&#8220;4_4&#8243; _builder_version=&#8220;4.13.1&#8243; _module_preset=&#8220;default&#8220; global_colors_info=&#8220;{}&#8220;][\/et_pb_column][\/et_pb_row][\/et_pb_section]<\/p>\n","protected":false},"excerpt":{"rendered":"<p>AROMA SPA BODY CARE Einzigartige K\u00f6rperpflegeprodukte auf Basis nat\u00fcrlicher Inhaltsstoffe nach dem Konzept der Aroma TherapieAROMA SPA CUSHION Mit Kr\u00e4utern gef\u00fcllte Duftkissen f\u00fcr kalte oder warme Anwendung l\u00f6sen Verspannungen und f\u00f6rdern aktiv das Wohlbefinden.<\/p>\n","protected":false},"author":2,"featured_media":0,"parent":0,"menu_order":0,"comment_status":"closed","ping_status":"closed","template":"","meta":{"_et_pb_use_builder":"on","_et_pb_old_content":"","_et_gb_content_width":"","inline_featured_image":false,"footnotes":""},"class_list":["post-1557","page","type-page","status-publish","hentry"],"_links":{"self":[{"href":"https:\/\/laric.eu\/shop\/wp-json\/wp\/v2\/pages\/1557","targetHints":{"allow":["GET"]}}],"collection":[{"href":"https:\/\/laric.eu\/shop\/wp-json\/wp\/v2\/pages"}],"about":[{"href":"https:\/\/laric.eu\/shop\/wp-json\/wp\/v2\/types\/page"}],"author":[{"embeddable":true,"href":"https:\/\/laric.eu\/shop\/wp-json\/wp\/v2\/users\/2"}],"replies":[{"embeddable":true,"href":"https:\/\/laric.eu\/shop\/wp-json\/wp\/v2\/comments?post=1557"}],"version-history":[{"count":2,"href":"https:\/\/laric.eu\/shop\/wp-json\/wp\/v2\/pages\/1557\/revisions"}],"predecessor-version":[{"id":1559,"href":"https:\/\/laric.eu\/shop\/wp-json\/wp\/v2\/pages\/1557\/revisions\/1559"}],"wp:attachment":[{"href":"https:\/\/laric.eu\/shop\/wp-json\/wp\/v2\/media?parent=1557"}],"curies":[{"name":"wp","href":"https:\/\/api.w.org\/{rel}","templated":true}]}}