{"id":1309,"date":"2022-03-08T12:38:04","date_gmt":"2022-03-08T12:38:04","guid":{"rendered":"https:\/\/laric.eu\/shop\/lieferung-copy\/"},"modified":"2022-03-08T12:52:22","modified_gmt":"2022-03-08T12:52:22","slug":"safe-payment","status":"publish","type":"page","link":"https:\/\/laric.eu\/shop\/safe-payment\/","title":{"rendered":"Safe Payment"},"content":{"rendered":"<p>[et_pb_section fb_built=&#8220;1&#8243; _builder_version=&#8220;4.13.1&#8243; _module_preset=&#8220;default&#8220; global_colors_info=&#8220;{}&#8220;][et_pb_row column_structure=&#8220;1_2,1_2&#8243; _builder_version=&#8220;4.13.1&#8243; _module_preset=&#8220;default&#8220; global_colors_info=&#8220;{}&#8220;][et_pb_column type=&#8220;1_2&#8243; _builder_version=&#8220;4.13.1&#8243; _module_preset=&#8220;default&#8220; global_colors_info=&#8220;{}&#8220;][et_pb_text _builder_version=&#8220;4.13.1&#8243; _module_preset=&#8220;default&#8220; hover_enabled=&#8220;0&#8243; global_colors_info=&#8220;{}&#8220; sticky_enabled=&#8220;0&#8243;]<\/p>\n<h1>SAFE PAYMENT<\/h1>\n<p>[\/et_pb_text][et_pb_text _builder_version=&#8220;4.13.1&#8243; _module_preset=&#8220;default&#8220; text_font_size=&#8220;16px&#8220; header_2_font=&#8220;Futura Book||||||||&#8220; header_2_font_size=&#8220;22px&#8220; global_colors_info=&#8220;{}&#8220;]<\/p>\n<p style=\"font-weight: 400;\">Sie k\u00f6nnen in unserem Shop mit Kreditkarte oder PayPal bezahlen. Dabei werden s\u00e4mtliche Zahlungen \u00fcber unseren Zahlungsdienstleister abgewickelt:<br \/><span><br \/>Unzer Austria GmbH<br \/><\/span><span>Stiege 1 \/ 5. Stock <\/span><span><br \/><\/span><span>Columbusplatz 7-8 <\/span><span><br \/><\/span><span>1100 Wien<br \/>T +43 1 513 66 33<br \/><a href=\"https:\/\/unzer.com\">www.unzer.com<\/a><\/span><\/p>\n<p>Sie werden daher nach Eingabe aller Daten im Checkout und dr\u00fccken des Buttons &#8222;Kostenpflichtig bestellen&#8220; auf auf die Seiten von Unzer weitergeleitet.\u00a0<br \/>Die \u00dcbermittlung s\u00e4mtlicher Date erfolgt dabei \u00fcber SSL-verschl\u00fcsselte Verbindungen.<\/p>\n<p style=\"font-weight: 400;\">\n<p>[\/et_pb_text][\/et_pb_column][et_pb_column type=&#8220;1_2&#8243; _builder_version=&#8220;4.13.1&#8243; _module_preset=&#8220;default&#8220; global_colors_info=&#8220;{}&#8220;][et_pb_image src=&#8220;https:\/\/laric.eu\/shop\/wp-content\/uploads\/2022\/03\/unzer_logo.svg&#8220; alt=&#8220;Unzer Logo&#8220; title_text=&#8220;unzer_logo&#8220; _builder_version=&#8220;4.13.1&#8243; _module_preset=&#8220;default&#8220; hover_enabled=&#8220;0&#8243; global_colors_info=&#8220;{}&#8220; sticky_enabled=&#8220;0&#8243;][\/et_pb_image][\/et_pb_column][\/et_pb_row][\/et_pb_section]<\/p>\n","protected":false},"excerpt":{"rendered":"<p>SAFE PAYMENTSie k\u00f6nnen in unserem Shop mit Kreditkarte oder PayPal bezahlen. Dabei werden s\u00e4mtliche Zahlungen \u00fcber unseren Zahlungsdienstleister abgewickelt:Unzer Austria GmbHStiege 1 \/ 5. Stock Columbusplatz 7-8 1100 WienT +43 1 513 66 33www.unzer.com Sie werden daher nach Eingabe aller Daten im Checkout und dr\u00fccken des Buttons &#8222;Kostenpflichtig bestellen&#8220; auf auf die Seiten von Unzer [&hellip;]<\/p>\n","protected":false},"author":2,"featured_media":0,"parent":0,"menu_order":0,"comment_status":"closed","ping_status":"closed","template":"","meta":{"_et_pb_use_builder":"on","_et_pb_old_content":"","_et_gb_content_width":"","inline_featured_image":false,"footnotes":""},"class_list":["post-1309","page","type-page","status-publish","hentry"],"_links":{"self":[{"href":"https:\/\/laric.eu\/shop\/wp-json\/wp\/v2\/pages\/1309","targetHints":{"allow":["GET"]}}],"collection":[{"href":"https:\/\/laric.eu\/shop\/wp-json\/wp\/v2\/pages"}],"about":[{"href":"https:\/\/laric.eu\/shop\/wp-json\/wp\/v2\/types\/page"}],"author":[{"embeddable":true,"href":"https:\/\/laric.eu\/shop\/wp-json\/wp\/v2\/users\/2"}],"replies":[{"embeddable":true,"href":"https:\/\/laric.eu\/shop\/wp-json\/wp\/v2\/comments?post=1309"}],"version-history":[{"count":2,"href":"https:\/\/laric.eu\/shop\/wp-json\/wp\/v2\/pages\/1309\/revisions"}],"predecessor-version":[{"id":1313,"href":"https:\/\/laric.eu\/shop\/wp-json\/wp\/v2\/pages\/1309\/revisions\/1313"}],"wp:attachment":[{"href":"https:\/\/laric.eu\/shop\/wp-json\/wp\/v2\/media?parent=1309"}],"curies":[{"name":"wp","href":"https:\/\/api.w.org\/{rel}","templated":true}]}}