{"id":1292,"date":"2022-03-08T11:38:06","date_gmt":"2022-03-08T11:38:06","guid":{"rendered":"https:\/\/laric.eu\/shop\/?page_id=1292"},"modified":"2024-12-04T10:22:07","modified_gmt":"2024-12-04T09:22:07","slug":"lieferung","status":"publish","type":"page","link":"https:\/\/laric.eu\/shop\/lieferung\/","title":{"rendered":"Lieferung"},"content":{"rendered":"<p>[et_pb_section fb_built=&#8220;1&#8243; _builder_version=&#8220;4.16&#8243; _module_preset=&#8220;default&#8220; global_colors_info=&#8220;{}&#8220;][et_pb_row column_structure=&#8220;1_2,1_2&#8243; _builder_version=&#8220;4.16&#8243; _module_preset=&#8220;default&#8220; global_colors_info=&#8220;{}&#8220;][et_pb_column type=&#8220;1_2&#8243; _builder_version=&#8220;4.16&#8243; _module_preset=&#8220;default&#8220; global_colors_info=&#8220;{}&#8220;][et_pb_text _builder_version=&#8220;4.16&#8243; _module_preset=&#8220;default&#8220; global_colors_info=&#8220;{}&#8220;]<\/p>\n<h1>VERSAND UND LIEFERUNG<\/h1>\n<p>[\/et_pb_text][et_pb_text _builder_version=&#8220;4.16&#8243; _module_preset=&#8220;default&#8220; text_font_size=&#8220;16px&#8220; header_2_font=&#8220;||||||||&#8220; header_2_font_size=&#8220;22px&#8220; custom_padding=&#8220;||0px|||&#8220; global_colors_info=&#8220;{}&#8220;]<\/p>\n<h2>ABLAUF<\/h2>\n<p style=\"font-weight: 400\">Die Lieferung unserer Artikel erfolgt mittels unserem Logistikdienstleisters GLS. Lieferungen erfolgen ausnahmslos in die u.a. L\u00e4nder.<\/p>\n<h2>VERSANDKOSTENPAUSCHALE<\/h2>\n<p style=\"font-weight: 400\">Die Versandkosten werden pauschal pro Bestellung verrechnet und betragen:<br \/>\u00d6sterreich: EUR 5,99<br \/>Deutschland: EUR 7,99<br \/>Alle L\u00e4nder der EU (mit Ausnahme von Griechenland, Island, Malta, Spanien und Zypern)<br \/>und in die Schweiz: EUR 16,99<br \/>Spanien: EUR 35,99<br \/>Griechenland, Malta und Zypern: EUR 56,99<\/p>\n<h2>LIEFERADRESSE<\/h2>\n<p style=\"font-weight: 400\">Die Bestellung wird an eine von Ihnen genannte Adresse geliefert. Diese kann von der Rechnungsadresse abweichen, damit Sie Ihre Bestellung auch ins B\u00fcro oder zu Freunden anfordern k\u00f6nnen. Zur Berechnung der Versandkosten wird stets die Lieferadresse herangezogen<\/p>\n<h2>LIEFERZEITEN<\/h2>\n<p style=\"font-weight: 400\">Wir versenden die Ware, wenn das Produkt auf Lager ist, nach Zahlungseingang innerhalb von 1-2 Arbeitstagen. Die Regellaufzeiten finden Sie in der unten stehenden Tabelle. Einen genauen Liefertermin im Voraus zu bestimmen ist leider nicht m\u00f6glich.<\/p>\n<h2>KOSTENLOSE LIEFERUNG UND SELBSTABHOLUNG<\/h2>\n<p style=\"font-weight: 400\">Ab einem Bestellwert von EUR 150,- liefern wir versandkostenfrei an eine Adresse in \u00d6sterreich oder Deutschland. Eine versandkostenfreie Selbstabholung in unserer Firmenzentrale in 1210 Wien, Sch\u00f6nthalergasse 1, ist an Werktagen von Montag bis Donnerstag zwischen 9:00 und 15:00 Uhr sowie am Freitag von 9:00 bis 13:00 Uhr\u00a0 m\u00f6glich. Sie werden von uns per E-Mail verst\u00e4ndigt, sobald ihre Ware abholbereit ist. Bitte weisen Sie die Best\u00e4tigungs-E-Mail mit ihrer Bestellnummer bei der Abholung vor.<\/p>\n<p>[\/et_pb_text][\/et_pb_column][et_pb_column type=&#8220;1_2&#8243; _builder_version=&#8220;4.16&#8243; _module_preset=&#8220;default&#8220; global_colors_info=&#8220;{}&#8220;][et_pb_image src=&#8220;https:\/\/laric.eu\/shop\/wp-content\/uploads\/2022\/03\/GLS-Lieferwagen.jpg&#8220; alt=&#8220;GLS-Lieferwagen&#8220; title_text=&#8220;GLS-Lieferwagen&#8220; _builder_version=&#8220;4.16&#8243; _module_preset=&#8220;default&#8220; global_colors_info=&#8220;{}&#8220;][\/et_pb_image][\/et_pb_column][\/et_pb_row][et_pb_row column_structure=&#8220;1_3,2_3&#8243; _builder_version=&#8220;4.16&#8243; _module_preset=&#8220;default&#8220; global_colors_info=&#8220;{}&#8220;][et_pb_column type=&#8220;1_3&#8243; _builder_version=&#8220;4.16&#8243; _module_preset=&#8220;default&#8220; global_colors_info=&#8220;{}&#8220;][et_pb_text _builder_version=&#8220;4.16&#8243; _module_preset=&#8220;default&#8220; text_font_size=&#8220;16px&#8220; header_2_font=&#8220;||||||||&#8220; header_2_font_size=&#8220;22px&#8220; header_3_font=&#8220;||||||||&#8220; header_3_text_color=&#8220;#FFFFFF&#8220; header_3_font_size=&#8220;18px&#8220; header_3_line_height=&#8220;0em&#8220; locked=&#8220;off&#8220; global_colors_info=&#8220;{}&#8220;]<\/p>\n<h2>VERSANDKOSTEN UND LAUFZEITEN<\/h2>\n<p>&nbsp;<\/p>\n<table border=\"1\" style=\"width: 417px;border-collapse: collapse\">\n<thead>\n<tr style=\"height: 40px\">\n<td style=\"background-color: #000000;width: 141px;padding-top: 15px;height: 40px\">\n<h3>LAND<\/h3>\n<\/td>\n<td style=\"width: 125px;background-color: #000000;padding-top: 15px;height: 40px\">\n<h3>KOSTEN<\/h3>\n<\/td>\n<td style=\"width: 151px;background-color: #000000;padding-top: 15px;middle;height: 40px\">\n<h3>REGELLAUFZEIT<\/h3>\n<\/td>\n<\/tr>\n<\/thead>\n<tbody>\n<tr style=\"height: 24px\">\n<td style=\"height: 24px;width: 141px\"><strong>\u00d6sterreich<\/strong><\/td>\n<td style=\"width: 125px;height: 24px;text-align: right\">\u00a0 \u00a05,99 \u20ac<\/td>\n<td style=\"height: 24px;width: 151px\">2 Werktage<\/td>\n<\/tr>\n<tr style=\"height: 24px\">\n<td style=\"height: 24px;width: 141px\"><strong>Deutschland<\/strong><\/td>\n<td style=\"width: 125px;height: 24px;text-align: right\">\u00a0 \u00a07,99 \u20ac<\/td>\n<td style=\"height: 24px;width: 151px\">2 Werktage<\/td>\n<\/tr>\n<tr style=\"height: 0px\">\n<td style=\"height: 0px;width: 141px\"><\/td>\n<td style=\"width: 125px;height: 0px;text-align: right\"><\/td>\n<td style=\"height: 0px;width: 151px\"><\/td>\n<\/tr>\n<tr style=\"height: 24px\">\n<td style=\"height: 24px;width: 141px\">Belgien<\/td>\n<td style=\"width: 125px;height: 24px;text-align: right\">\u00a0 16,99 \u20ac<\/td>\n<td style=\"height: 24px;width: 151px\">2-3 Werktage<\/td>\n<\/tr>\n<tr style=\"height: 24px\">\n<td style=\"height: 24px;width: 141px\">Bulgarien<\/td>\n<td style=\"width: 125px;height: 24px;text-align: right\">\u00a0 16,99 \u20ac<\/td>\n<td style=\"height: 24px;width: 151px\">2-4 Werktage<\/td>\n<\/tr>\n<tr style=\"height: 24px\">\n<td style=\"height: 24px;width: 141px\">D\u00e4nemark<\/td>\n<td style=\"width: 125px;height: 24px;text-align: right\">\u00a0 16,99 \u20ac<\/td>\n<td style=\"height: 24px;width: 151px\">3-4 Werktage<\/td>\n<\/tr>\n<tr style=\"height: 24px\">\n<td style=\"height: 24px;width: 141px\">Estland<\/td>\n<td style=\"width: 125px;height: 24px;text-align: right\">\u00a0 16,99 \u20ac<\/td>\n<td style=\"height: 24px;width: 151px\">4-5 Werktage<\/td>\n<\/tr>\n<tr style=\"height: 24px\">\n<td style=\"height: 24px;width: 141px\">Spanien<\/td>\n<td style=\"width: 125px;height: 24px;text-align: right\">\u00a0 35,99 \u20ac<\/td>\n<td style=\"height: 24px;width: 151px\">3-4 Werktage<\/td>\n<\/tr>\n<tr style=\"height: 24px\">\n<td style=\"height: 24px;width: 141px\">Finnland<\/td>\n<td style=\"width: 125px;height: 24px;text-align: right\">\u00a016,99 \u20ac<\/td>\n<td style=\"height: 24px;width: 151px\">4-5 Werktage<\/td>\n<\/tr>\n<tr style=\"height: 24px\">\n<td style=\"height: 24px;width: 141px\">Frankreich<\/td>\n<td style=\"width: 125px;height: 24px;text-align: right\">\u00a0 16,99 \u20ac<\/td>\n<td style=\"height: 24px;width: 151px\">3-4 Werktage<\/td>\n<\/tr>\n<tr style=\"height: 24px\">\n<td style=\"height: 24px;width: 141px\">Griechenland<\/td>\n<td style=\"width: 125px;height: 24px;text-align: right\">\u00a0 56,99 \u20ac<\/td>\n<td style=\"height: 24px;width: 151px\">3-5 Werktage<\/td>\n<\/tr>\n<tr style=\"height: 24px\">\n<td style=\"height: 24px;width: 141px\">Kroatien<\/td>\n<td style=\"width: 125px;height: 24px;text-align: right\">\u00a0 16,99 \u20ac<\/td>\n<td style=\"height: 24px;width: 151px\">2 Werktage<\/td>\n<\/tr>\n<tr style=\"height: 24px\">\n<td style=\"height: 24px;width: 141px\">Ungarn<\/td>\n<td style=\"width: 125px;height: 24px;text-align: right\">\u00a0 16,99 \u20ac<\/td>\n<td style=\"height: 24px;width: 151px\">1-2 Werktage<\/td>\n<\/tr>\n<tr style=\"height: 24px\">\n<td style=\"height: 24px;width: 141px\">Irland<\/td>\n<td style=\"width: 125px;height: 24px;text-align: right\">\u00a0 16,99 \u20ac<\/td>\n<td style=\"height: 24px;width: 151px\">3-4 Werktage<\/td>\n<\/tr>\n<tr style=\"height: 24px\">\n<td style=\"height: 24px;width: 141px\">Italien<\/td>\n<td style=\"width: 125px;height: 24px;text-align: right\">\u00a0 16,99 \u20ac<\/td>\n<td style=\"height: 24px;width: 151px\">2-3 Werktage<\/td>\n<\/tr>\n<tr style=\"height: 24px\">\n<td style=\"height: 24px;width: 141px\">Litauen<\/td>\n<td style=\"width: 125px;height: 24px;text-align: right\">\u00a0 16,99 \u20ac<\/td>\n<td style=\"height: 24px;width: 151px\">4-5 Werktage<\/td>\n<\/tr>\n<tr style=\"height: 24px\">\n<td style=\"height: 24px;width: 141px\">Luxemburg<\/td>\n<td style=\"width: 125px;height: 24px;text-align: right\">\u00a0 16,99 \u20ac<\/td>\n<td style=\"height: 24px;width: 151px\">2-3 Werktage<\/td>\n<\/tr>\n<tr style=\"height: 24px\">\n<td style=\"height: 24px;width: 141px\">Lettland<\/td>\n<td style=\"width: 125px;height: 24px;text-align: right\">\u00a0 16,99 \u20ac<\/td>\n<td style=\"height: 24px;width: 151px\">4-5 Werktage<\/td>\n<\/tr>\n<tr style=\"height: 24px\">\n<td style=\"height: 24px;width: 141px\">Malta<\/td>\n<td style=\"width: 125px;height: 24px;text-align: right\">\u00a0 56,99 \u20ac<\/td>\n<td style=\"height: 24px;width: 151px\">4-6 Werktage<\/td>\n<\/tr>\n<tr style=\"height: 24px\">\n<td style=\"height: 24px;width: 141px\">Niederlande<\/td>\n<td style=\"width: 125px;height: 24px;text-align: right\">\u00a0 16,99 \u20ac<\/td>\n<td style=\"height: 24px;width: 151px\">2-3 Werktage<\/td>\n<\/tr>\n<tr style=\"height: 24px\">\n<td style=\"height: 24px;width: 141px\">Polen<\/td>\n<td style=\"width: 125px;height: 24px;text-align: right\">\u00a0 16,99 \u20ac<\/td>\n<td style=\"height: 24px;width: 151px\">3 Werktage<\/td>\n<\/tr>\n<tr style=\"height: 24px\">\n<td style=\"height: 24px;width: 141px\">Portugal<\/td>\n<td style=\"width: 125px;height: 24px;text-align: right\">\u00a016,99 \u20ac<\/td>\n<td style=\"height: 24px;width: 151px\">3-5 Werktage<\/td>\n<\/tr>\n<tr style=\"height: 24px\">\n<td style=\"height: 24px;width: 141px\">Rum\u00e4nien<\/td>\n<td style=\"width: 125px;height: 24px;text-align: right\">\u00a016,99 \u20ac<\/td>\n<td style=\"height: 24px;width: 151px\">2-3 Werktage<\/td>\n<\/tr>\n<tr style=\"height: 24px\">\n<td style=\"height: 24px;width: 141px\">Schweden<\/td>\n<td style=\"width: 125px;height: 24px;text-align: right\">\u00a0 16,99 \u20ac<\/td>\n<td style=\"height: 24px;width: 151px\">3-5 Werktage<\/td>\n<\/tr>\n<tr style=\"height: 24px\">\n<td style=\"height: 24px;width: 141px\">Slowenien<\/td>\n<td style=\"width: 125px;height: 24px;text-align: right\">\u00a0 16,99 \u20ac<\/td>\n<td style=\"height: 24px;width: 151px\">1-2 Werktage<\/td>\n<\/tr>\n<tr style=\"height: 24px\">\n<td style=\"height: 24px;width: 141px\">Slowakei<\/td>\n<td style=\"width: 125px;height: 24px;text-align: right\">\u00a0 16,99 \u20ac<\/td>\n<td style=\"height: 24px;width: 151px\">1-2 Werktage<\/td>\n<\/tr>\n<tr>\n<td style=\"width: 141px\">Schweiz<\/td>\n<td style=\"width: 125px;text-align: right\">16,99 \u20ac<\/td>\n<td style=\"width: 151px\">3-5 Werktage<\/td>\n<\/tr>\n<tr style=\"height: 24px\">\n<td style=\"height: 24px;width: 141px\">Tschechien<\/td>\n<td style=\"width: 125px;height: 24px;text-align: right\">\u00a0 16,99 \u20ac<\/td>\n<td style=\"height: 24px;width: 151px\">1-2 Werktage<\/td>\n<\/tr>\n<tr style=\"height: 24px\">\n<td style=\"height: 24px;width: 141px\">Zypern<\/td>\n<td style=\"width: 125px;height: 24px;text-align: right\">\u00a0 56,99 \u20ac<\/td>\n<td style=\"height: 24px;width: 151px\">4-6 Werktage<\/td>\n<\/tr>\n<\/tbody>\n<\/table>\n<p>[\/et_pb_text][\/et_pb_column][et_pb_column type=&#8220;2_3&#8243; _builder_version=&#8220;4.16&#8243; _module_preset=&#8220;default&#8220; global_colors_info=&#8220;{}&#8220;][et_pb_image src=&#8220;https:\/\/laric.eu\/shop\/wp-content\/uploads\/2022\/02\/Aura-Spa_La_Ric_1200px.jpg&#8220; alt=&#8220;Aura Spa Raumduft mit St\u00e4bchen&#8220; title_text=&#8220;Aura-Spa_La_Ric_1200px&#8220; disabled_on=&#8220;on|off|off&#8220; _builder_version=&#8220;4.16&#8243; _module_preset=&#8220;default&#8220; global_colors_info=&#8220;{}&#8220;][\/et_pb_image][\/et_pb_column][\/et_pb_row][\/et_pb_section]<\/p>\n","protected":false},"excerpt":{"rendered":"<p>VERSAND UND LIEFERUNGABLAUF Die Lieferung unserer Artikel erfolgt mittels unserem Logistikdienstleisters GLS. Lieferungen erfolgen ausnahmslos in die u.a. L\u00e4nder. VERSANDKOSTENPAUSCHALE Die Versandkosten werden pauschal pro Bestellung verrechnet und betragen:\u00d6sterreich: EUR 5,99Deutschland: EUR 7,99Alle L\u00e4nder der EU (mit Ausnahme von Griechenland, Island, Malta, Spanien und Zypern)und in die Schweiz: EUR 16,99Spanien: EUR 35,99Griechenland, Malta und Zypern: [&hellip;]<\/p>\n","protected":false},"author":2,"featured_media":0,"parent":0,"menu_order":0,"comment_status":"closed","ping_status":"closed","template":"","meta":{"_et_pb_use_builder":"on","_et_pb_old_content":"","_et_gb_content_width":"","inline_featured_image":false,"footnotes":""},"class_list":["post-1292","page","type-page","status-publish","hentry"],"_links":{"self":[{"href":"https:\/\/laric.eu\/shop\/wp-json\/wp\/v2\/pages\/1292","targetHints":{"allow":["GET"]}}],"collection":[{"href":"https:\/\/laric.eu\/shop\/wp-json\/wp\/v2\/pages"}],"about":[{"href":"https:\/\/laric.eu\/shop\/wp-json\/wp\/v2\/types\/page"}],"author":[{"embeddable":true,"href":"https:\/\/laric.eu\/shop\/wp-json\/wp\/v2\/users\/2"}],"replies":[{"embeddable":true,"href":"https:\/\/laric.eu\/shop\/wp-json\/wp\/v2\/comments?post=1292"}],"version-history":[{"count":23,"href":"https:\/\/laric.eu\/shop\/wp-json\/wp\/v2\/pages\/1292\/revisions"}],"predecessor-version":[{"id":6177,"href":"https:\/\/laric.eu\/shop\/wp-json\/wp\/v2\/pages\/1292\/revisions\/6177"}],"wp:attachment":[{"href":"https:\/\/laric.eu\/shop\/wp-json\/wp\/v2\/media?parent=1292"}],"curies":[{"name":"wp","href":"https:\/\/api.w.org\/{rel}","templated":true}]}}